{"id":7162,"date":"2025-06-13T14:58:24","date_gmt":"2025-06-13T12:58:24","guid":{"rendered":"http:\/\/k25.yieldpr.ch\/?page_id=7162"},"modified":"2025-09-04T15:30:11","modified_gmt":"2025-09-04T13:30:11","slug":"dsgvo","status":"publish","type":"page","link":"https:\/\/yield.at\/de\/dsgvo\/","title":{"rendered":"DSGVO"},"content":{"rendered":"\t\t<div data-elementor-type=\"wp-page\" data-elementor-id=\"7162\" class=\"elementor elementor-7162\" data-elementor-post-type=\"page\">\n\t\t\t\t<div class=\"elementor-element elementor-element-0bcce5c e-con-full n-kanik-container--wide e-flex e-con e-parent\" data-id=\"0bcce5c\" data-element_type=\"container\" data-e-type=\"container\">\n\t\t<div class=\"elementor-element elementor-element-4b699e9 e-con-full e-flex e-con e-child\" data-id=\"4b699e9\" data-element_type=\"container\" data-e-type=\"container\">\n\t\t\t\t<div class=\"elementor-element elementor-element-e5277ae elementor-invisible elementor-widget elementor-widget-heading\" data-id=\"e5277ae\" data-element_type=\"widget\" data-e-type=\"widget\" data-settings=\"{&quot;motion_fx_motion_fx_scrolling&quot;:&quot;yes&quot;,&quot;motion_fx_translateY_effect&quot;:&quot;yes&quot;,&quot;motion_fx_translateY_speed&quot;:{&quot;unit&quot;:&quot;px&quot;,&quot;size&quot;:0.200000000000000011102230246251565404236316680908203125,&quot;sizes&quot;:[]},&quot;_animation&quot;:&quot;h-neuron-animation--clipUp&quot;,&quot;motion_fx_translateY_affectedRange&quot;:{&quot;unit&quot;:&quot;%&quot;,&quot;size&quot;:&quot;&quot;,&quot;sizes&quot;:{&quot;start&quot;:0,&quot;end&quot;:100}},&quot;motion_fx_devices&quot;:[&quot;desktop&quot;,&quot;tablet&quot;,&quot;mobile&quot;]}\" data-widget_type=\"heading.default\">\n\t\t\t\t<div class=\"elementor-widget-container\">\n\t\t\t\t\t<h2 class=\"elementor-heading-title elementor-size-default\">Datenschutz-Grundverordnung<\/h2>\t\t\t\t<\/div>\n\t\t\t\t<\/div>\n\t\t\t\t<\/div>\n\t\t\t\t<div class=\"elementor-element elementor-element-4e8ebce elementor-invisible elementor-widget elementor-widget-neuron-breadcrumbs\" data-id=\"4e8ebce\" data-element_type=\"widget\" data-e-type=\"widget\" data-settings=\"{&quot;motion_fx_motion_fx_scrolling&quot;:&quot;yes&quot;,&quot;motion_fx_translateY_effect&quot;:&quot;yes&quot;,&quot;motion_fx_translateY_speed&quot;:{&quot;unit&quot;:&quot;px&quot;,&quot;size&quot;:0.200000000000000011102230246251565404236316680908203125,&quot;sizes&quot;:[]},&quot;_animation&quot;:&quot;h-neuron-animation--slideUp&quot;,&quot;motion_fx_translateY_affectedRange&quot;:{&quot;unit&quot;:&quot;%&quot;,&quot;size&quot;:&quot;&quot;,&quot;sizes&quot;:{&quot;start&quot;:0,&quot;end&quot;:100}},&quot;motion_fx_devices&quot;:[&quot;desktop&quot;,&quot;tablet&quot;,&quot;mobile&quot;]}\" data-widget_type=\"neuron-breadcrumbs.default\">\n\t\t\t\t<div class=\"elementor-widget-container\">\n\t\t\t\t\t\r\n\t\t\t<div class=\"m-neuron-breadcrumbs\" aria-label=\"You are here:\">\r\n\t\t\t\t<span class=\"m-neuron-breadcrumbs__item\"><a href=\"https:\/\/neuronthemes.com\/kanik\/\" target=\"_blank\" rel=\"noopener\">Home<\/a><\/span> <span class=\"m-neuron-breadcrumbs__separator\"> <\/span> <span class=\"m-neuron-breadcrumbs__item\" aria-current=\"page\">DSGVO<\/span>\t\t\t<\/div>\r\n\r\n\t\t   \t\t\t\t<\/div>\n\t\t\t\t<\/div>\n\t\t\t\t<\/div>\n\t\t<div class=\"elementor-element elementor-element-4c213f7 e-con-full n-kanik-container--wide e-flex e-con e-parent\" data-id=\"4c213f7\" data-element_type=\"container\" data-e-type=\"container\">\n\t\t\t\t<div class=\"elementor-element elementor-element-7b4d69d elementor-widget elementor-widget-text-editor\" data-id=\"7b4d69d\" data-element_type=\"widget\" data-e-type=\"widget\" data-widget_type=\"text-editor.default\">\n\t\t\t\t<div class=\"elementor-widget-container\">\n\t\t\t\t\t\t\t\t\t<p>Der Schutz Ihrer pers\u00f6nlichen Daten ist uns ein besonderes Anliegen. Wir verarbeiten Ihre Daten daher ausschlie\u00dflich auf Grundlage der gesetzlichen Bestimmungen (DSGVO, TKG 2003). In diesen Datenschutzinformationen informieren wir Sie \u00fcber die wichtigsten Aspekte der Datenverarbeitung im Rahmen unserer Website.<\/p><p>\u2e3b<\/p><p>Kontakt mit uns<\/p><p>Wenn Sie per E-Mail Kontakt mit uns aufnehmen, werden Ihre angegebenen Daten zwecks Bearbeitung der Anfrage und f\u00fcr den Fall von Anschlussfragen sechs Monate bei uns gespeichert. Diese Daten geben wir nicht ohne Ihre Einwilligung weiter.<\/p><p>\u2e3b<\/p><p>Cookies<\/p><p>Unsere Website verwendet so genannte Cookies. Dabei handelt es sich um kleine Textdateien, die mit Hilfe des Browsers auf Ihrem Endger\u00e4t abgelegt werden. Sie richten keinen Schaden an. Wir nutzen Cookies dazu, unser Angebot nutzerfreundlich zu gestalten. Einige Cookies bleiben auf Ihrem Endger\u00e4t gespeichert, bis Sie diese l\u00f6schen. Sie erm\u00f6glichen es uns, Ihren Browser beim n\u00e4chsten Besuch wiederzuerkennen. Wenn Sie dies nicht w\u00fcnschen, so k\u00f6nnen Sie Ihren Browser so einrichten, dass er Sie \u00fcber das Setzen von Cookies informiert und Sie dies nur im Einzelfall erlauben. Bei der Deaktivierung von Cookies kann die Funktionalit\u00e4t unserer Website eingeschr\u00e4nkt sein.<\/p><p>\u2e3b<\/p><p class=\"p1\">Newsletter und Mailchimp<\/p><p class=\"p1\">Wenn Sie sich f\u00fcr unseren Newsletter anmelden, wird Ihre E-Mail-Adresse an den Dienst \u201eMailchimp\u201c (ein Angebot der Intuit Inc., USA) weitergeleitet und dort zum Versand von Newslettern verarbeitet. Die Verarbeitung erfolgt auf Grundlage Ihrer Einwilligung (Art. 6 Abs. 1 lit. a DSGVO). Mailchimp speichert Ihre Daten auf Servern in den USA und ist nach dem EU-U.S. Data Privacy Framework zertifiziert. Mailchimp verpflichtet sich zur Einhaltung der europ\u00e4ischen Datenschutzstandards. Sie k\u00f6nnen Ihre Einwilligung jederzeit widerrufen, indem Sie den Abmeldelink in unseren E-Mails nutzen.<\/p><p>\u2e3b<\/p><p>Ihre Rechte<\/p><p>Ihnen stehen grunds\u00e4tzlich die Rechte auf Auskunft, Berichtigung, L\u00f6schung, Einschr\u00e4nkung, Daten\u00fcbertragbarkeit, Widerruf und Widerspruch zu. Wenn Sie glauben, dass die Verarbeitung Ihrer Daten gegen das Datenschutzrecht verst\u00f6\u00dft oder Ihre datenschutzrechtlichen Anspr\u00fcche sonst in einer Weise verletzt worden sind, k\u00f6nnen Sie sich bei der Aufsichtsbeh\u00f6rde beschweren. In \u00d6sterreich ist dies die Datenschutzbeh\u00f6rde.<\/p><p>\u2e3b<\/p><p>Kontaktdaten<\/p><p>Yield Public Relations GmbH<br \/>Rotenturmstra\u00dfe 19\/1\/29A<br \/>1010 Wien, \u00d6sterreich<br \/>T: +43 1 890 28 10<br \/>E: office@yield.at<br \/>Gesch\u00e4ftsf\u00fchrender Gesellschafter: Alexander Langgruber<\/p><p>Datenschutzbeauftragter<br \/>Philipp H\u00f6ll<br \/>T: +43 1 890 28 10<br \/>E: office@yield.at<br \/>Rotenturmstra\u00dfe 19\/1\/29<\/p><p>\u00a0<\/p><hr \/><p>\u00a0<\/p><p>The protection of your personal data is of particular concern to us. This privacy policy sets out how Yield Public Relations GmbH uses and protects any information that you give Yield Public Relations when you use this website. We therefore process your data exclusively on the basis of the legal regulations (EU \u2013 General Data Protection Regulation, Austrian law \u2013 TKG 2003). In this data protection information we inform you about the most important aspects of data processing on our website. Yield Public Relations is committed to ensuring that your privacy is protected. Should we ask you to provide certain information by which you can be identified when using this website, then you can be assured that it will only be used in accordance with this privacy statement. Yield Public Relations may change this policy from time to time by updating this page. You should check this page from time to time to ensure that you are happy with any changes. This policy is effective from April 12, 2018.<\/p><p>\u2e3b<\/p><p>Security<\/p><p>We are committed to ensuring that your information is secure. In order to prevent unauthorized access or disclosure, we have put in place suitable physical, electronic and managerial procedures to safeguard and secure the information we collect online.<\/p><p>\u2e3b<\/p><p>Contact<\/p><p>If you contact us by e-mail, your data will be stored for six months for the purpose of processing your inquiry and in the event of follow-up questions. We will not pass on this data without your consent.<\/p><p>\u2e3b<\/p><p>Cookies<\/p><p>A cookie is a small file which asks permission to be placed on your computer\u2019s hard drive. Once you agree, the file is added and the cookie helps analyse web traffic or lets you know when you visit a particular site. Cookies allow web applications to respond to you as an individual. The web application can tailor its operations to your needs, likes and dislikes by gathering and remembering information about your preferences. We use traffic log cookies to identify which pages are being used. This helps us analyze data about webpage traffic and improve our website in order to tailor it to customer needs. We only use this information for statistical analysis purposes and then the data is removed from the system. Overall, cookies help us provide you with a better website by enabling us to monitor which pages you find useful and which you do not. A cookie in no way gives us access to your computer or any information about you, other than the data you choose to share with us. You can choose to accept or decline cookies. Most web browsers automatically accept cookies, but you can usually modify your browser setting to decline cookies if you prefer. This may prevent you from taking full advantage of the website.<\/p><p>\u2e3b<\/p><p class=\"p1\">Newsletter and Mailchimp<\/p><p class=\"p1\">If you subscribe to our newsletter, your email address will be transferred to and processed by \u201cMailchimp\u201d (a service provided by Intuit Inc., USA) for the purpose of sending email newsletters. This processing is based on your consent (Art. 6 para. 1 lit. a GDPR). Mailchimp stores your data on servers in the USA and is certified under the EU-U.S. Data Privacy Framework, committing to EU data protection standards. You can withdraw your consent at any time by clicking the unsubscribe link in our emails.<\/p><p>\u2e3b<\/p><p>Links to other websites<\/p><p>Our website may contain links to other websites of interest. However, once you have used these links to leave our site, you should note that we do not have any control over that other website. Therefore, we cannot be responsible for the protection and privacy of any information which you provide whilst visiting such sites and such sites are not governed by this privacy statement. You should exercise caution and look at the privacy statement applicable to the website in question.<\/p><p>\u2e3b<\/p><p>Your rights<\/p><p>You may choose to restrict the collection or use of your personal information in the following ways:<\/p><p>1. whenever you are asked to fill in a form on the website, look for the box that you can click to indicate that you do not want the information to be used by anybody for direct marketing purposes<\/p><p>2. if you have previously agreed to us using your personal information for direct marketing purposes, you may change your mind at any time by writing to or emailing us at office@yield.at.<\/p><p>We will not sell, distribute or lease your personal information to third parties unless we have your permission or are required by law to do so. We may use your personal information to send you promotional information about third parties which we think you may find interesting if you tell us that you wish this to happen. In general, you\u2019ve got the rights of information, correction, deletion, restriction, data portability, revocation and objection. If you believe that any information we are holding on you is incorrect or incomplete, please email us as soon as possible at the above address. We will promptly correct or delete any information found to be incorrect. If you believe that the processing of your data violates data protection law or your data protection claims have otherwise been violated in any way, you can also complain to the supervisory authority. In Austria, the responsible authority is called \u201eDatenschutzbehoerde\u201c.<\/p><p>\u2e3b<\/p><p>Contact<\/p><p>Yield Public Relations GmbH<\/p><p>Rotenturmstra\u00dfe 19\/1\/29A<br \/>1010 Vienna<br \/>Austria<\/p><p>T: +43 1 890 28 10<br \/>E: office@yield.at<\/p><p>Managing Director: Alexander Langgruber<\/p><p>Data Protection Officer: Philipp H\u00f6ll<\/p>\t\t\t\t\t\t\t\t<\/div>\n\t\t\t\t<\/div>\n\t\t\t\t<\/div>\n\t\t<div class=\"elementor-element elementor-element-493b9c5 e-con-full e-flex e-con e-parent\" data-id=\"493b9c5\" data-element_type=\"container\" data-e-type=\"container\">\n\t\t\t\t<div class=\"elementor-element elementor-element-c4cb779 elementor-widget elementor-widget-neuron-scrolling-text\" data-id=\"c4cb779\" data-element_type=\"widget\" data-e-type=\"widget\" data-settings=\"{&quot;motion_fx_motion_fx_scrolling&quot;:&quot;yes&quot;,&quot;motion_fx_translateY_effect&quot;:&quot;yes&quot;,&quot;motion_fx_translateY_speed&quot;:{&quot;unit&quot;:&quot;px&quot;,&quot;size&quot;:0.200000000000000011102230246251565404236316680908203125,&quot;sizes&quot;:[]},&quot;motion_fx_translateY_affectedRange&quot;:{&quot;unit&quot;:&quot;%&quot;,&quot;size&quot;:&quot;&quot;,&quot;sizes&quot;:{&quot;start&quot;:0,&quot;end&quot;:100}},&quot;motion_fx_devices&quot;:[&quot;desktop&quot;,&quot;tablet&quot;,&quot;mobile&quot;]}\" data-widget_type=\"neuron-scrolling-text.default\">\n\t\t\t\t<div class=\"elementor-widget-container\">\n\t\t\t\t\t            <div class=\"a-scrolling-text\">\r\n                <div class=\"a-scrolling-text__inner\">\r\n                    <h1 class=\"elementor-heading-title elementor-size-default\">YIELD - <\/h1><h1 class=\"elementor-heading-title elementor-size-default\">YIELD - <\/h1><h1 class=\"elementor-heading-title elementor-size-default\">YIELD - <\/h1><h1 class=\"elementor-heading-title elementor-size-default\">YIELD - <\/h1><h1 class=\"elementor-heading-title elementor-size-default\">YIELD - <\/h1>                <\/div>\r\n            <\/div>\r\n        \t\t\t\t<\/div>\n\t\t\t\t<\/div>\n\t\t\t\t<\/div>\n\t\t\t\t<\/div>\n\t\t","protected":false},"excerpt":{"rendered":"<p>Datenschutz-Grundverordnung Home DSGVO Der Schutz Ihrer pers\u00f6nlichen Daten ist uns ein besonderes Anliegen. Wir verarbeiten Ihre Daten daher ausschlie\u00dflich auf Grundlage der gesetzlichen Bestimmungen (DSGVO, TKG 2003). In diesen Datenschutzinformationen informieren wir Sie \u00fcber die wichtigsten Aspekte der Datenverarbeitung im Rahmen unserer Website. \u2e3b Kontakt mit uns Wenn Sie per E-Mail Kontakt mit uns aufnehmen,&#8230;<\/p>\n","protected":false},"author":1,"featured_media":0,"parent":0,"menu_order":0,"comment_status":"closed","ping_status":"closed","template":"","meta":{"_acf_changed":false,"footnotes":""},"class_list":["post-7162","page","type-page","status-publish","hentry"],"acf":[],"_links":{"self":[{"href":"https:\/\/yield.at\/de\/wp-json\/wp\/v2\/pages\/7162","targetHints":{"allow":["GET"]}}],"collection":[{"href":"https:\/\/yield.at\/de\/wp-json\/wp\/v2\/pages"}],"about":[{"href":"https:\/\/yield.at\/de\/wp-json\/wp\/v2\/types\/page"}],"author":[{"embeddable":true,"href":"https:\/\/yield.at\/de\/wp-json\/wp\/v2\/users\/1"}],"replies":[{"embeddable":true,"href":"https:\/\/yield.at\/de\/wp-json\/wp\/v2\/comments?post=7162"}],"version-history":[{"count":10,"href":"https:\/\/yield.at\/de\/wp-json\/wp\/v2\/pages\/7162\/revisions"}],"predecessor-version":[{"id":13299,"href":"https:\/\/yield.at\/de\/wp-json\/wp\/v2\/pages\/7162\/revisions\/13299"}],"wp:attachment":[{"href":"https:\/\/yield.at\/de\/wp-json\/wp\/v2\/media?parent=7162"}],"curies":[{"name":"wp","href":"https:\/\/api.w.org\/{rel}","templated":true}]}}