{"id":7167,"date":"2025-06-13T15:00:22","date_gmt":"2025-06-13T13:00:22","guid":{"rendered":"http:\/\/k25.yieldpr.ch\/?page_id=7167"},"modified":"2025-09-04T15:27:00","modified_gmt":"2025-09-04T13:27:00","slug":"barrierefreiheit","status":"publish","type":"page","link":"https:\/\/yield.at\/de\/barrierefreiheit\/","title":{"rendered":"Barrierefreiheitserkl\u00e4rung"},"content":{"rendered":"\t\t<div data-elementor-type=\"wp-page\" data-elementor-id=\"7167\" class=\"elementor elementor-7167\" data-elementor-post-type=\"page\">\n\t\t\t\t<div class=\"elementor-element elementor-element-0bcce5c e-con-full n-kanik-container--wide e-flex e-con e-parent\" data-id=\"0bcce5c\" data-element_type=\"container\" data-e-type=\"container\">\n\t\t<div class=\"elementor-element elementor-element-4b699e9 e-con-full e-flex e-con e-child\" data-id=\"4b699e9\" data-element_type=\"container\" data-e-type=\"container\">\n\t\t\t\t<div class=\"elementor-element elementor-element-e5277ae elementor-invisible elementor-widget elementor-widget-heading\" data-id=\"e5277ae\" data-element_type=\"widget\" data-e-type=\"widget\" data-settings=\"{&quot;motion_fx_motion_fx_scrolling&quot;:&quot;yes&quot;,&quot;motion_fx_translateY_effect&quot;:&quot;yes&quot;,&quot;motion_fx_translateY_speed&quot;:{&quot;unit&quot;:&quot;px&quot;,&quot;size&quot;:0.200000000000000011102230246251565404236316680908203125,&quot;sizes&quot;:[]},&quot;_animation&quot;:&quot;h-neuron-animation--clipUp&quot;,&quot;motion_fx_translateY_affectedRange&quot;:{&quot;unit&quot;:&quot;%&quot;,&quot;size&quot;:&quot;&quot;,&quot;sizes&quot;:{&quot;start&quot;:0,&quot;end&quot;:100}},&quot;motion_fx_devices&quot;:[&quot;desktop&quot;,&quot;tablet&quot;,&quot;mobile&quot;]}\" data-widget_type=\"heading.default\">\n\t\t\t\t<div class=\"elementor-widget-container\">\n\t\t\t\t\t<h2 class=\"elementor-heading-title elementor-size-default\">Barrierefreiheitserkl\u00e4rung<\/h2>\t\t\t\t<\/div>\n\t\t\t\t<\/div>\n\t\t\t\t<\/div>\n\t\t\t\t<div class=\"elementor-element elementor-element-4e8ebce elementor-invisible elementor-widget elementor-widget-neuron-breadcrumbs\" data-id=\"4e8ebce\" data-element_type=\"widget\" data-e-type=\"widget\" data-settings=\"{&quot;motion_fx_motion_fx_scrolling&quot;:&quot;yes&quot;,&quot;motion_fx_translateY_effect&quot;:&quot;yes&quot;,&quot;motion_fx_translateY_speed&quot;:{&quot;unit&quot;:&quot;px&quot;,&quot;size&quot;:0.200000000000000011102230246251565404236316680908203125,&quot;sizes&quot;:[]},&quot;_animation&quot;:&quot;h-neuron-animation--slideUp&quot;,&quot;motion_fx_translateY_affectedRange&quot;:{&quot;unit&quot;:&quot;%&quot;,&quot;size&quot;:&quot;&quot;,&quot;sizes&quot;:{&quot;start&quot;:0,&quot;end&quot;:100}},&quot;motion_fx_devices&quot;:[&quot;desktop&quot;,&quot;tablet&quot;,&quot;mobile&quot;]}\" data-widget_type=\"neuron-breadcrumbs.default\">\n\t\t\t\t<div class=\"elementor-widget-container\">\n\t\t\t\t\t\r\n\t\t\t<div class=\"m-neuron-breadcrumbs\" aria-label=\"You are here:\">\r\n\t\t\t\t<span class=\"m-neuron-breadcrumbs__item\"><a href=\"https:\/\/neuronthemes.com\/kanik\/\" target=\"_blank\" rel=\"noopener\">Home<\/a><\/span> <span class=\"m-neuron-breadcrumbs__separator\"> <\/span> <span class=\"m-neuron-breadcrumbs__item\" aria-current=\"page\">Barrierefreiheitserkl\u00e4rung<\/span>\t\t\t<\/div>\r\n\r\n\t\t   \t\t\t\t<\/div>\n\t\t\t\t<\/div>\n\t\t\t\t<\/div>\n\t\t<div class=\"elementor-element elementor-element-4c213f7 e-con-full n-kanik-container--wide e-flex e-con e-parent\" data-id=\"4c213f7\" data-element_type=\"container\" data-e-type=\"container\">\n\t\t\t\t<div class=\"elementor-element elementor-element-beee699 elementor-widget elementor-widget-text-editor\" data-id=\"beee699\" data-element_type=\"widget\" data-e-type=\"widget\" data-widget_type=\"text-editor.default\">\n\t\t\t\t<div class=\"elementor-widget-container\">\n\t\t\t\t\t\t\t\t\t<p>Die Betreiber:innen von www.yield.at sind bestrebt, die Website im Einklang mit den geltenden gesetzlichen Vorgaben zur Barrierefreiheit nutzbar zu machen. Diese Erkl\u00e4rung beschreibt den aktuellen Stand der Barrierefreiheit der Website sowie geplante Ma\u00dfnahmen zur weiteren Verbesserung.<\/p><p>\u2e3b<\/p><p>Konformit\u00e4tsstatus<\/p><p>Diese Website orientiert sich an den Anforderungen des Bundesgesetzes \u00fcber die Barrierefreiheitsanforderungen f\u00fcr Produkte und Dienstleistungen (Barrierefreiheitsgesetz \u2013 BaFG), welches am 28. Juni 2025 in Kraft tritt, sowie an den internationalen Web Content Accessibility Guidelines (WCAG) 2.1 auf Konformit\u00e4tsstufe AA.<\/p><p>Wir sind bem\u00fcht, die bestm\u00f6gliche digitale Zug\u00e4nglichkeit zu gew\u00e4hrleisten und setzen Ma\u00dfnahmen um, um die Nutzung f\u00fcr alle Personen, insbesondere Menschen mit Behinderungen, zu verbessern.<\/p><p>\u2e3b<\/p><p>Barrierefreie Funktionen<\/p><p>Die folgenden Ma\u00dfnahmen wurden ergriffen, um die Barrierefreiheit unserer Website sicherzustellen:<\/p><p>Alternative Texte: Alle relevanten Bilder und Grafiken enthalten aussagekr\u00e4ftige Alternativtexte.<\/p><p>Tastatur-Navigation: Die Website ist mit der Tastatur bedienbar.<br \/>Kontraste und Farbgestaltung: Unsere Farbschemata erf\u00fcllen die Mindestkontrastanforderungen gem\u00e4\u00df WCAG 2.1.<\/p><p>Strukturierte Inhalte: \u00dcberschriften, Abs\u00e4tze und Listen sind semantisch korrekt ausgezeichnet, um eine einfache Navigation mit Screenreadern zu erm\u00f6glichen.<\/p><p>Bedienhilfen f\u00fcr Formulare: Formularelemente sind mit Labels versehen, um eine barrierefreie Interaktion zu gew\u00e4hrleisten.<\/p><p>Untertitel und Transkripte: Videos auf der Website werden mit Untertiteln und\/oder Transkripten bereitgestellt.<\/p><p>Zoom- und Skalierbarkeit: Die Website kann bis zu 200 % ohne Funktionsverlust skaliert werden<\/p><p>\u2e3b<\/p><p>Nicht barrierefreie Inhalte<\/p><p>Trotz unserer Bem\u00fchungen gibt es m\u00f6glicherweise noch einige Barrieren auf der Website. Dazu geh\u00f6ren:<\/p><p>&#8211; Bestimmte \u00e4ltere PDF-Dokumente k\u00f6nnten nicht vollst\u00e4ndig barrierefrei sein.<\/p><p>&#8211; Dynamische Inhalte und interaktive Elemente k\u00f6nnten f\u00fcr einige Nutzer:innen noch schwer zug\u00e4nglich sein.<\/p><p>&#8211; Externe Inhalte und eingebettete Medien liegen nicht immer in unserer Kontrolle und k\u00f6nnten nicht vollst\u00e4ndig barrierefrei sein.<\/p><p>Wir arbeiten kontinuierlich daran, diese Barrieren zu identifizieren und zu beseitigen.<\/p><p>\u2e3b<\/p><p>Feedback und Kontakt<\/p><p>Sollten Ihnen Barrieren auffallen oder Sie Unterst\u00fctzung ben\u00f6tigen, kontaktieren Sie uns bitte \u00fcber folgende Wege:<\/p><p>E-Mail: office@yield.at<\/p><p>Postadresse: YIELD Public Relations GmbH, Rotenturmstra\u00dfe 19\/1\/29A, 1010 Wien, \u00d6sterreich<\/p><p>Wir sind bem\u00fcht, Ihre Anfragen innerhalb von 14 Tagen zu beantworten.<\/p><p>\u2e3b<\/p><p>Durchsetzungsverfahren<\/p><p>Falls Sie keine zufriedenstellende Antwort auf eine Barrierefreiheitsanfrage erhalten, haben Sie die M\u00f6glichkeit, sich an die zust\u00e4ndige Durchsetzungsstelle zu wenden:<\/p><p>Kontaktstelle f\u00fcr digitale Barrierefreiheit<br \/>Bundesministerium f\u00fcr Soziales, Gesundheit, Pflege und Konsumentenschutz<br \/>Stubenring 1, 1010 Wien<br \/>E-Mail: barrierefreiheit@sozialministerium.at<\/p><p>\u2e3b<\/p><p>Aktualisierungsdatum<\/p><p>Diese Erkl\u00e4rung wurde zuletzt am 01. August 2025 \u00fcberpr\u00fcft und aktualisiert.<\/p>\t\t\t\t\t\t\t\t<\/div>\n\t\t\t\t<\/div>\n\t\t\t\t<\/div>\n\t\t<div class=\"elementor-element elementor-element-493b9c5 e-con-full e-flex e-con e-parent\" data-id=\"493b9c5\" data-element_type=\"container\" data-e-type=\"container\">\n\t\t\t\t<div class=\"elementor-element elementor-element-c4cb779 elementor-widget elementor-widget-neuron-scrolling-text\" data-id=\"c4cb779\" data-element_type=\"widget\" data-e-type=\"widget\" data-settings=\"{&quot;motion_fx_motion_fx_scrolling&quot;:&quot;yes&quot;,&quot;motion_fx_translateY_effect&quot;:&quot;yes&quot;,&quot;motion_fx_translateY_speed&quot;:{&quot;unit&quot;:&quot;px&quot;,&quot;size&quot;:0.200000000000000011102230246251565404236316680908203125,&quot;sizes&quot;:[]},&quot;motion_fx_translateY_affectedRange&quot;:{&quot;unit&quot;:&quot;%&quot;,&quot;size&quot;:&quot;&quot;,&quot;sizes&quot;:{&quot;start&quot;:0,&quot;end&quot;:100}},&quot;motion_fx_devices&quot;:[&quot;desktop&quot;,&quot;tablet&quot;,&quot;mobile&quot;]}\" data-widget_type=\"neuron-scrolling-text.default\">\n\t\t\t\t<div class=\"elementor-widget-container\">\n\t\t\t\t\t            <div class=\"a-scrolling-text\">\r\n                <div class=\"a-scrolling-text__inner\">\r\n                    <h1 class=\"elementor-heading-title elementor-size-default\">YIELD - <\/h1><h1 class=\"elementor-heading-title elementor-size-default\">YIELD - <\/h1><h1 class=\"elementor-heading-title elementor-size-default\">YIELD - <\/h1><h1 class=\"elementor-heading-title elementor-size-default\">YIELD - <\/h1><h1 class=\"elementor-heading-title elementor-size-default\">YIELD - <\/h1>                <\/div>\r\n            <\/div>\r\n        \t\t\t\t<\/div>\n\t\t\t\t<\/div>\n\t\t\t\t<\/div>\n\t\t\t\t<\/div>\n\t\t","protected":false},"excerpt":{"rendered":"<p>Barrierefreiheitserkl\u00e4rung Home Barrierefreiheitserkl\u00e4rung Die Betreiber:innen von www.yield.at sind bestrebt, die Website im Einklang mit den geltenden gesetzlichen Vorgaben zur Barrierefreiheit nutzbar zu machen. Diese Erkl\u00e4rung beschreibt den aktuellen Stand der Barrierefreiheit der Website sowie geplante Ma\u00dfnahmen zur weiteren Verbesserung. \u2e3b Konformit\u00e4tsstatus Diese Website orientiert sich an den Anforderungen des Bundesgesetzes \u00fcber die Barrierefreiheitsanforderungen f\u00fcr Produkte&#8230;<\/p>\n","protected":false},"author":1,"featured_media":0,"parent":0,"menu_order":0,"comment_status":"closed","ping_status":"closed","template":"","meta":{"_acf_changed":false,"footnotes":""},"class_list":["post-7167","page","type-page","status-publish","hentry"],"acf":[],"_links":{"self":[{"href":"https:\/\/yield.at\/de\/wp-json\/wp\/v2\/pages\/7167","targetHints":{"allow":["GET"]}}],"collection":[{"href":"https:\/\/yield.at\/de\/wp-json\/wp\/v2\/pages"}],"about":[{"href":"https:\/\/yield.at\/de\/wp-json\/wp\/v2\/types\/page"}],"author":[{"embeddable":true,"href":"https:\/\/yield.at\/de\/wp-json\/wp\/v2\/users\/1"}],"replies":[{"embeddable":true,"href":"https:\/\/yield.at\/de\/wp-json\/wp\/v2\/comments?post=7167"}],"version-history":[{"count":10,"href":"https:\/\/yield.at\/de\/wp-json\/wp\/v2\/pages\/7167\/revisions"}],"predecessor-version":[{"id":13295,"href":"https:\/\/yield.at\/de\/wp-json\/wp\/v2\/pages\/7167\/revisions\/13295"}],"wp:attachment":[{"href":"https:\/\/yield.at\/de\/wp-json\/wp\/v2\/media?parent=7167"}],"curies":[{"name":"wp","href":"https:\/\/api.w.org\/{rel}","templated":true}]}}