{"id":8093,"date":"2025-07-10T20:57:58","date_gmt":"2025-07-10T18:57:58","guid":{"rendered":"http:\/\/k25.yieldpr.ch\/?page_id=8093"},"modified":"2025-09-04T15:23:29","modified_gmt":"2025-09-04T13:23:29","slug":"agb","status":"publish","type":"page","link":"https:\/\/yield.at\/de\/agb\/","title":{"rendered":"Allgemeine Gesch\u00e4ftsbedingungen"},"content":{"rendered":"\t\t<div data-elementor-type=\"wp-page\" data-elementor-id=\"8093\" class=\"elementor elementor-8093\" data-elementor-post-type=\"page\">\n\t\t\t\t<div class=\"elementor-element elementor-element-0bcce5c e-con-full n-kanik-container--wide e-flex e-con e-parent\" data-id=\"0bcce5c\" data-element_type=\"container\" data-e-type=\"container\">\n\t\t<div class=\"elementor-element elementor-element-4b699e9 e-con-full e-flex e-con e-child\" data-id=\"4b699e9\" data-element_type=\"container\" data-e-type=\"container\">\n\t\t\t\t<div class=\"elementor-element elementor-element-e5277ae elementor-invisible elementor-widget elementor-widget-heading\" data-id=\"e5277ae\" data-element_type=\"widget\" data-e-type=\"widget\" data-settings=\"{&quot;motion_fx_motion_fx_scrolling&quot;:&quot;yes&quot;,&quot;motion_fx_translateY_effect&quot;:&quot;yes&quot;,&quot;motion_fx_translateY_speed&quot;:{&quot;unit&quot;:&quot;px&quot;,&quot;size&quot;:0.200000000000000011102230246251565404236316680908203125,&quot;sizes&quot;:[]},&quot;_animation&quot;:&quot;h-neuron-animation--clipUp&quot;,&quot;motion_fx_translateY_affectedRange&quot;:{&quot;unit&quot;:&quot;%&quot;,&quot;size&quot;:&quot;&quot;,&quot;sizes&quot;:{&quot;start&quot;:0,&quot;end&quot;:100}},&quot;motion_fx_devices&quot;:[&quot;desktop&quot;,&quot;tablet&quot;,&quot;mobile&quot;]}\" data-widget_type=\"heading.default\">\n\t\t\t\t<div class=\"elementor-widget-container\">\n\t\t\t\t\t<h2 class=\"elementor-heading-title elementor-size-default\">AGB<\/h2>\t\t\t\t<\/div>\n\t\t\t\t<\/div>\n\t\t\t\t<\/div>\n\t\t\t\t<div class=\"elementor-element elementor-element-4e8ebce elementor-invisible elementor-widget elementor-widget-neuron-breadcrumbs\" data-id=\"4e8ebce\" data-element_type=\"widget\" data-e-type=\"widget\" data-settings=\"{&quot;motion_fx_motion_fx_scrolling&quot;:&quot;yes&quot;,&quot;motion_fx_translateY_effect&quot;:&quot;yes&quot;,&quot;motion_fx_translateY_speed&quot;:{&quot;unit&quot;:&quot;px&quot;,&quot;size&quot;:0.200000000000000011102230246251565404236316680908203125,&quot;sizes&quot;:[]},&quot;_animation&quot;:&quot;h-neuron-animation--slideUp&quot;,&quot;motion_fx_translateY_affectedRange&quot;:{&quot;unit&quot;:&quot;%&quot;,&quot;size&quot;:&quot;&quot;,&quot;sizes&quot;:{&quot;start&quot;:0,&quot;end&quot;:100}},&quot;motion_fx_devices&quot;:[&quot;desktop&quot;,&quot;tablet&quot;,&quot;mobile&quot;]}\" data-widget_type=\"neuron-breadcrumbs.default\">\n\t\t\t\t<div class=\"elementor-widget-container\">\n\t\t\t\t\t\r\n\t\t\t<div class=\"m-neuron-breadcrumbs\" aria-label=\"You are here:\">\r\n\t\t\t\t<span class=\"m-neuron-breadcrumbs__item\"><a href=\"https:\/\/neuronthemes.com\/kanik\/\" target=\"_blank\" rel=\"noopener\">Home<\/a><\/span> <span class=\"m-neuron-breadcrumbs__separator\"> <\/span> <span class=\"m-neuron-breadcrumbs__item\" aria-current=\"page\">Allgemeine Gesch\u00e4ftsbedingungen<\/span>\t\t\t<\/div>\r\n\r\n\t\t   \t\t\t\t<\/div>\n\t\t\t\t<\/div>\n\t\t\t\t<\/div>\n\t\t<div class=\"elementor-element elementor-element-4c213f7 e-con-full n-kanik-container--wide e-flex e-con e-parent\" data-id=\"4c213f7\" data-element_type=\"container\" data-e-type=\"container\">\n\t\t\t\t<div class=\"elementor-element elementor-element-6364022 elementor-widget elementor-widget-text-editor\" data-id=\"6364022\" data-element_type=\"widget\" data-e-type=\"widget\" data-widget_type=\"text-editor.default\">\n\t\t\t\t<div class=\"elementor-widget-container\">\n\t\t\t\t\t\t\t\t\t<p>\u00a71 Geltung gegen\u00fcber Unternehmern und Begriffsdefinitionen<\/p><p>(1) Die nachfolgenden Allgemeinen Gesch\u00e4ftsbedingungen gelten f\u00fcr alle Leistungen zwischen YIELD und einem Kunden in ihrer zum Zeitpunkt der Anfrage g\u00fcltigen Fassung.<\/p><p>(2) Kunde ist jede nat\u00fcrliche oder juristische Person, die ein Rechtsgesch\u00e4ft zu gewerblichen oder selbst\u00e4ndigen beruflichen Zwecken abschlie\u00dft.<\/p><p>\u2e3b<\/p><p>\u00a72 Zustandekommen eines Vertrages, Speicherung des Vertragstextes<\/p><p>(1) Die folgenden Regelungen \u00fcber das Zustandekommen eines Vertrages gelten f\u00fcr Anfragen \u00fcber unsere Internetseite www.yield.at sowie f\u00fcr direkte Anfragen per E-Mail an Mitarbeiter:innen oder Gesellschafter der Agentur.<\/p><p>(2) Im Falle eines Vertragsschlusses kommt der Vertrag mit folgender Gesellschaft zustande:<\/p><p>YIELD Public Relations GmbH<br \/>Rotenturmstra\u00dfe 19\/1\/29A, A-1010 Wien<br \/>FN: 504995 s<br \/>UID-Nr.: ATU74035439<\/p><p>(3) Die Pr\u00e4sentation unserer Leistungen auf der Website stellt kein rechtlich bindendes Angebot dar, sondern eine unverbindliche Aufforderung zur Kontaktaufnahme. Mit der \u00dcbermittlung einer Anfrage gibt der\/die Interessent:in eine f\u00fcr ihn\/sie unverbindliche Anfrage ab.<\/p><p>Die Annahme dieser Anfrage durch YIELD erfolgt schriftlich oder telefonisch innerhalb einer Woche.<\/p><p>(4) Ablauf bis zum Vertragsabschluss:<br \/>1. Anfrage durch das Kontaktformular oder per E-Mail<br \/>2. Spezifizierung der gew\u00fcnschten Leistungen durch den Kunden<br \/>3. Pr\u00fcfung und interne Bearbeitung durch YIELD<br \/>4. R\u00fcckmeldung &amp; Erstkontakt durch YIELD<br \/>5. Unverbindliches Erstgespr\u00e4ch und Kl\u00e4rung der Rahmenbedingungen<br \/>6. Erste, unverbindliche Konzeption durch YIELD<br \/>7. Pr\u00e4sentation &amp; gemeinsame Entscheidung<br \/>8. Erstellung einer Kooperationsvereinbarung bei Einigung<\/p><p>\u2e3b<\/p><p>\u00a73 Preise, Zahlung, F\u00e4lligkeit<\/p><p>(1) Preise werden sp\u00e4testens in Schritt 7 des oben genannten Ablaufs individuell festgelegt.<br \/>(2) Vorab grobe Sch\u00e4tzwerte k\u00f6nnen im Zuge der Kommunikation in Schritt 4 gemacht werden.<br \/>(3) Die Zahlungsmodalit\u00e4ten (Fristen, Teilzahlungen etc.) werden in Schritt 8 vertraglich geregelt. In der Regel betr\u00e4gt die Zahlungsfrist 7\u201314 Tage ab Rechnungsdatum.<\/p><p>\u2e3b<\/p><p>\u00a74 Lieferung<\/p><p>Die Lieferung umfasst die in der Kooperationsvereinbarung vereinbarten Leistungen. Die Umsetzung erfolgt nach gemeinsamer Abstimmung in einer definierten Timeline.<\/p><p>\u2e3b<\/p><p>\u00a75 Eigentumsvorbehalt und Nutzungsrechte<\/p><p>(1) YIELD beh\u00e4lt sich das Eigentum sowie s\u00e4mtliche Rechte an Konzepten und Ideen bis zur vollst\u00e4ndigen Bezahlung bzw. zur vertraglich vereinbarten Umsetzung vor.<\/p><p>(2) Urheberrechte an s\u00e4mtlichen durch YIELD geschaffenen Inhalten (Texte, Grafiken, Fotos, Videos etc.) verbleiben bei der Agentur. Der Kunde erh\u00e4lt ein einfaches, nicht \u00fcbertragbares Nutzungsrecht im vereinbarten Umfang. Eine weitergehende Nutzung bedarf einer gesonderten Vereinbarung.<\/p><p>\u2e3b<\/p><p>\u00a76 Vertragssprache<\/p><p>Die Vertragssprache ist Deutsch.<\/p>\t\t\t\t\t\t\t\t<\/div>\n\t\t\t\t<\/div>\n\t\t\t\t<\/div>\n\t\t<div class=\"elementor-element elementor-element-493b9c5 e-con-full e-flex e-con e-parent\" data-id=\"493b9c5\" data-element_type=\"container\" data-e-type=\"container\">\n\t\t\t\t<div class=\"elementor-element elementor-element-c4cb779 elementor-widget elementor-widget-neuron-scrolling-text\" data-id=\"c4cb779\" data-element_type=\"widget\" data-e-type=\"widget\" data-settings=\"{&quot;motion_fx_motion_fx_scrolling&quot;:&quot;yes&quot;,&quot;motion_fx_translateY_effect&quot;:&quot;yes&quot;,&quot;motion_fx_translateY_speed&quot;:{&quot;unit&quot;:&quot;px&quot;,&quot;size&quot;:0.200000000000000011102230246251565404236316680908203125,&quot;sizes&quot;:[]},&quot;motion_fx_translateY_affectedRange&quot;:{&quot;unit&quot;:&quot;%&quot;,&quot;size&quot;:&quot;&quot;,&quot;sizes&quot;:{&quot;start&quot;:0,&quot;end&quot;:100}},&quot;motion_fx_devices&quot;:[&quot;desktop&quot;,&quot;tablet&quot;,&quot;mobile&quot;]}\" data-widget_type=\"neuron-scrolling-text.default\">\n\t\t\t\t<div class=\"elementor-widget-container\">\n\t\t\t\t\t            <div class=\"a-scrolling-text\">\r\n                <div class=\"a-scrolling-text__inner\">\r\n                    <h1 class=\"elementor-heading-title elementor-size-default\">YIELD -<\/h1><h1 class=\"elementor-heading-title elementor-size-default\">YIELD -<\/h1><h1 class=\"elementor-heading-title elementor-size-default\">YIELD -<\/h1><h1 class=\"elementor-heading-title elementor-size-default\">YIELD -<\/h1><h1 class=\"elementor-heading-title elementor-size-default\">YIELD -<\/h1>                <\/div>\r\n            <\/div>\r\n        \t\t\t\t<\/div>\n\t\t\t\t<\/div>\n\t\t\t\t<\/div>\n\t\t\t\t<\/div>\n\t\t","protected":false},"excerpt":{"rendered":"<p>AGB Home Allgemeine Gesch\u00e4ftsbedingungen \u00a71 Geltung gegen\u00fcber Unternehmern und Begriffsdefinitionen (1) Die nachfolgenden Allgemeinen Gesch\u00e4ftsbedingungen gelten f\u00fcr alle Leistungen zwischen YIELD und einem Kunden in ihrer zum Zeitpunkt der Anfrage g\u00fcltigen Fassung. (2) Kunde ist jede nat\u00fcrliche oder juristische Person, die ein Rechtsgesch\u00e4ft zu gewerblichen oder selbst\u00e4ndigen beruflichen Zwecken abschlie\u00dft. \u2e3b \u00a72 Zustandekommen eines Vertrages,&#8230;<\/p>\n","protected":false},"author":1,"featured_media":0,"parent":0,"menu_order":0,"comment_status":"closed","ping_status":"closed","template":"","meta":{"_acf_changed":false,"footnotes":""},"class_list":["post-8093","page","type-page","status-publish","hentry"],"acf":[],"_links":{"self":[{"href":"https:\/\/yield.at\/de\/wp-json\/wp\/v2\/pages\/8093","targetHints":{"allow":["GET"]}}],"collection":[{"href":"https:\/\/yield.at\/de\/wp-json\/wp\/v2\/pages"}],"about":[{"href":"https:\/\/yield.at\/de\/wp-json\/wp\/v2\/types\/page"}],"author":[{"embeddable":true,"href":"https:\/\/yield.at\/de\/wp-json\/wp\/v2\/users\/1"}],"replies":[{"embeddable":true,"href":"https:\/\/yield.at\/de\/wp-json\/wp\/v2\/comments?post=8093"}],"version-history":[{"count":10,"href":"https:\/\/yield.at\/de\/wp-json\/wp\/v2\/pages\/8093\/revisions"}],"predecessor-version":[{"id":13292,"href":"https:\/\/yield.at\/de\/wp-json\/wp\/v2\/pages\/8093\/revisions\/13292"}],"wp:attachment":[{"href":"https:\/\/yield.at\/de\/wp-json\/wp\/v2\/media?parent=8093"}],"curies":[{"name":"wp","href":"https:\/\/api.w.org\/{rel}","templated":true}]}}