{"id":7062,"date":"2025-06-12T15:50:14","date_gmt":"2025-06-12T13:50:14","guid":{"rendered":"http:\/\/k25.yieldpr.ch\/?page_id=7062"},"modified":"2025-10-07T08:48:08","modified_gmt":"2025-10-07T06:48:08","slug":"imprint","status":"publish","type":"page","link":"https:\/\/yield.at\/en\/imprint\/","title":{"rendered":"Imprint"},"content":{"rendered":"\t\t<div data-elementor-type=\"wp-page\" data-elementor-id=\"7062\" class=\"elementor elementor-7062\" data-elementor-post-type=\"page\">\n\t\t\t\t<div class=\"elementor-element elementor-element-0bcce5c e-con-full n-kanik-container--wide e-flex e-con e-parent\" data-id=\"0bcce5c\" data-element_type=\"container\" data-e-type=\"container\">\n\t\t<div class=\"elementor-element elementor-element-4b699e9 e-con-full e-flex e-con e-child\" data-id=\"4b699e9\" data-element_type=\"container\" data-e-type=\"container\">\n\t\t\t\t<div class=\"elementor-element elementor-element-e5277ae elementor-invisible elementor-widget elementor-widget-heading\" data-id=\"e5277ae\" data-element_type=\"widget\" data-e-type=\"widget\" data-settings=\"{&quot;motion_fx_motion_fx_scrolling&quot;:&quot;yes&quot;,&quot;motion_fx_translateY_effect&quot;:&quot;yes&quot;,&quot;motion_fx_translateY_speed&quot;:{&quot;unit&quot;:&quot;px&quot;,&quot;size&quot;:0.200000000000000011102230246251565404236316680908203125,&quot;sizes&quot;:[]},&quot;_animation&quot;:&quot;h-neuron-animation--clipUp&quot;,&quot;motion_fx_translateY_affectedRange&quot;:{&quot;unit&quot;:&quot;%&quot;,&quot;size&quot;:&quot;&quot;,&quot;sizes&quot;:{&quot;start&quot;:0,&quot;end&quot;:100}},&quot;motion_fx_devices&quot;:[&quot;desktop&quot;,&quot;tablet&quot;,&quot;mobile&quot;]}\" data-widget_type=\"heading.default\">\n\t\t\t\t<div class=\"elementor-widget-container\">\n\t\t\t\t\t<h2 class=\"elementor-heading-title elementor-size-default\">Impressum<\/h2>\t\t\t\t<\/div>\n\t\t\t\t<\/div>\n\t\t\t\t<\/div>\n\t\t\t\t<div class=\"elementor-element elementor-element-4e8ebce elementor-invisible elementor-widget elementor-widget-neuron-breadcrumbs\" data-id=\"4e8ebce\" data-element_type=\"widget\" data-e-type=\"widget\" data-settings=\"{&quot;motion_fx_motion_fx_scrolling&quot;:&quot;yes&quot;,&quot;motion_fx_translateY_effect&quot;:&quot;yes&quot;,&quot;motion_fx_translateY_speed&quot;:{&quot;unit&quot;:&quot;px&quot;,&quot;size&quot;:0.200000000000000011102230246251565404236316680908203125,&quot;sizes&quot;:[]},&quot;_animation&quot;:&quot;h-neuron-animation--slideUp&quot;,&quot;motion_fx_translateY_affectedRange&quot;:{&quot;unit&quot;:&quot;%&quot;,&quot;size&quot;:&quot;&quot;,&quot;sizes&quot;:{&quot;start&quot;:0,&quot;end&quot;:100}},&quot;motion_fx_devices&quot;:[&quot;desktop&quot;,&quot;tablet&quot;,&quot;mobile&quot;]}\" data-widget_type=\"neuron-breadcrumbs.default\">\n\t\t\t\t<div class=\"elementor-widget-container\">\n\t\t\t\t\t\r\n\t\t\t<div class=\"m-neuron-breadcrumbs\" aria-label=\"You are here:\">\r\n\t\t\t\t<span class=\"m-neuron-breadcrumbs__item\"><a href=\"https:\/\/neuronthemes.com\/kanik\/\" target=\"_blank\" rel=\"noopener\">Home<\/a><\/span> <span class=\"m-neuron-breadcrumbs__separator\"> <\/span> <span class=\"m-neuron-breadcrumbs__item\" aria-current=\"page\">Impressum<\/span>\t\t\t<\/div>\r\n\r\n\t\t   \t\t\t\t<\/div>\n\t\t\t\t<\/div>\n\t\t\t\t<\/div>\n\t\t<div class=\"elementor-element elementor-element-4c213f7 e-con-full n-kanik-container--wide e-flex e-con e-parent\" data-id=\"4c213f7\" data-element_type=\"container\" data-e-type=\"container\">\n\t\t\t\t<div class=\"elementor-element elementor-element-6364022 elementor-widget elementor-widget-text-editor\" data-id=\"6364022\" data-element_type=\"widget\" data-e-type=\"widget\" data-widget_type=\"text-editor.default\">\n\t\t\t\t<div class=\"elementor-widget-container\">\n\t\t\t\t\t\t\t\t\t<p>Medieninhaber: YIELD Public Relations GmbH<\/p><p>Rechtsform: Gesellschaft mit beschr\u00e4nkter Haftung<\/p><p>Unternehmensgegenstand: PR\/Marketing\/Werbung<\/p><p>Gesch\u00e4ftsf\u00fchrer: Alexander Langgruber<\/p><p>Sitz: 1010 Wien, \u00d6sterreich<\/p><p>Kontakt:<br \/>T: +43 1 890 28 10<br \/>E: office@yield.at<\/p><p>Handelsgericht Wien<br \/>FN 504995 s<br \/>UID: ATU74035439<\/p><p>Bankverbindung: Sparkasse Ober\u00f6sterreich<br \/>IBAN: ATO9 2032 0321 0048 1624<br \/>BIC: ASPKAT2LXXX<\/p><p>Mitglied der WK\u00d6, WKW<br \/>Gewerbe: Werbeagentur<br \/>Berufsrecht. Gewerbeordnung,<br \/>Aufsichtsbeh\u00f6rde: Magistrat der Stadt Wien<\/p><p>\u2e3b<\/p><p>Verhaltenskodex: In unserer T\u00e4tigkeit respektieren und unterst\u00fctzen wir den <a href=\"https:\/\/www.wko.at\/oe\/information-consulting\/werbung-marktkommunikation\/lobbyg-verhaltenskodex-16122011-3.pdf\" target=\"_blank\" rel=\"nofollow noopener\"><u>Verhaltenskodex Lobbying &amp; Public Affairs<\/u><\/a> des Fachverbandes Werbung und Marktkommunikation der Wirtschaftskammer \u00d6sterreich. Wir sind ordnungsgem\u00e4\u00df im <a href=\"https:\/\/lobbyreg.justiz.gv.at\/edikte\/ir\/iredi18.nsf\/suche\" target=\"_blank\" rel=\"nofollow noopener\"><u>Lobbying- und Interessenvertretungsregister<\/u><\/a> des Bundesministeriums f\u00fcr Justiz eingetragen.<\/p><p>\u2e3b<\/p><p>Verbraucher haben die M\u00f6glichkeit, Beschwerden an die Online-Streitbelegungsplattform der EU zu richten: ec.Europa.eu<br \/>Sie k\u00f6nnen allf\u00e4llige Beschwerden auch an die oben angegebene E-Mail-Adresse richten.<\/p><p>\u2e3b<\/p><p>Herstellungsort: Wien<\/p><p>\u2e3b<\/p><p>Diese Website dient der eigenen Darstellung des Unternehmens Yield Public Relations GmbH.<\/p>\t\t\t\t\t\t\t\t<\/div>\n\t\t\t\t<\/div>\n\t\t\t\t<\/div>\n\t\t<div class=\"elementor-element elementor-element-493b9c5 e-con-full e-flex e-con e-parent\" data-id=\"493b9c5\" data-element_type=\"container\" data-e-type=\"container\">\n\t\t\t\t<div class=\"elementor-element elementor-element-c4cb779 elementor-widget elementor-widget-neuron-scrolling-text\" data-id=\"c4cb779\" data-element_type=\"widget\" data-e-type=\"widget\" data-settings=\"{&quot;motion_fx_motion_fx_scrolling&quot;:&quot;yes&quot;,&quot;motion_fx_translateY_effect&quot;:&quot;yes&quot;,&quot;motion_fx_translateY_speed&quot;:{&quot;unit&quot;:&quot;px&quot;,&quot;size&quot;:0.200000000000000011102230246251565404236316680908203125,&quot;sizes&quot;:[]},&quot;motion_fx_translateY_affectedRange&quot;:{&quot;unit&quot;:&quot;%&quot;,&quot;size&quot;:&quot;&quot;,&quot;sizes&quot;:{&quot;start&quot;:0,&quot;end&quot;:100}},&quot;motion_fx_devices&quot;:[&quot;desktop&quot;,&quot;tablet&quot;,&quot;mobile&quot;]}\" data-widget_type=\"neuron-scrolling-text.default\">\n\t\t\t\t<div class=\"elementor-widget-container\">\n\t\t\t\t\t            <div class=\"a-scrolling-text\">\r\n                <div class=\"a-scrolling-text__inner\">\r\n                    <h1 class=\"elementor-heading-title elementor-size-default\">YIELD - <\/h1><h1 class=\"elementor-heading-title elementor-size-default\">YIELD - <\/h1><h1 class=\"elementor-heading-title elementor-size-default\">YIELD - <\/h1><h1 class=\"elementor-heading-title elementor-size-default\">YIELD - <\/h1><h1 class=\"elementor-heading-title elementor-size-default\">YIELD - <\/h1>                <\/div>\r\n            <\/div>\r\n        \t\t\t\t<\/div>\n\t\t\t\t<\/div>\n\t\t\t\t<\/div>\n\t\t\t\t<\/div>\n\t\t","protected":false},"excerpt":{"rendered":"<p>Impressum Home Impressum Medieninhaber: YIELD Public Relations GmbH Rechtsform: Gesellschaft mit beschr\u00e4nkter Haftung Unternehmensgegenstand: PR\/Marketing\/Werbung Gesch\u00e4ftsf\u00fchrer: Alexander Langgruber Sitz: 1010 Wien, \u00d6sterreich Kontakt:T: +43 1 890 28 10E: office@yield.at Handelsgericht WienFN 504995 sUID: ATU74035439 Bankverbindung: Sparkasse Ober\u00f6sterreichIBAN: ATO9 2032 0321 0048 1624BIC: ASPKAT2LXXX Mitglied der WK\u00d6, WKWGewerbe: WerbeagenturBerufsrecht. Gewerbeordnung,Aufsichtsbeh\u00f6rde: Magistrat der Stadt Wien \u2e3b Verhaltenskodex:&#8230;<\/p>","protected":false},"author":1,"featured_media":0,"parent":0,"menu_order":0,"comment_status":"closed","ping_status":"closed","template":"","meta":{"_acf_changed":false,"footnotes":""},"class_list":["post-7062","page","type-page","status-publish","hentry"],"acf":[],"_links":{"self":[{"href":"https:\/\/yield.at\/en\/wp-json\/wp\/v2\/pages\/7062","targetHints":{"allow":["GET"]}}],"collection":[{"href":"https:\/\/yield.at\/en\/wp-json\/wp\/v2\/pages"}],"about":[{"href":"https:\/\/yield.at\/en\/wp-json\/wp\/v2\/types\/page"}],"author":[{"embeddable":true,"href":"https:\/\/yield.at\/en\/wp-json\/wp\/v2\/users\/1"}],"replies":[{"embeddable":true,"href":"https:\/\/yield.at\/en\/wp-json\/wp\/v2\/comments?post=7062"}],"version-history":[{"count":10,"href":"https:\/\/yield.at\/en\/wp-json\/wp\/v2\/pages\/7062\/revisions"}],"predecessor-version":[{"id":15086,"href":"https:\/\/yield.at\/en\/wp-json\/wp\/v2\/pages\/7062\/revisions\/15086"}],"wp:attachment":[{"href":"https:\/\/yield.at\/en\/wp-json\/wp\/v2\/media?parent=7062"}],"curies":[{"name":"wp","href":"https:\/\/api.w.org\/{rel}","templated":true}]}}